{"id":3,"date":"2026-01-26T15:52:19","date_gmt":"2026-01-26T15:52:19","guid":{"rendered":"http:\/\/casinabaronale.cambia-marketing.it\/?page_id=3"},"modified":"2026-03-04T08:33:35","modified_gmt":"2026-03-04T08:33:35","slug":"privacy-policy","status":"publish","type":"page","link":"https:\/\/masseriacasinabaronale.com\/en\/privacy-policy\/","title":{"rendered":"Privacy Policy"},"content":{"rendered":"<h4 class=\"wp-block-heading\">Informativa sulla Privacy e sui Cookie di http:\/\/www.masseriacasinabaronale.com<\/h4>\n\n\n\n<p>Informativa riguardante il trattamento dei dati personali redatta e fornita da Societ\u00e0 Agricola Terra Madre s.r.l.s. in qualit\u00e0 di Titolare del trattamento, ai sensi degli artt. 13 e 14 del Regolamento UE 2016\/679 in materia di protezione dei dati personali delle persone fisiche (di seguito anche \u201cRegolamento\u201d o \u201cGDPR\u201d) e dell\u2019art. 13 del D.Lgs. 196\/2003 \u201cCodice in materia di protezione dei dati personali recante disposizioni per l\u2019adeguamento dell\u2019ordinamento nazionale al regolamento (UE) n. 2016\/679 del Parlamento europeo e del Consiglio, del 27 aprile 2016, relativo alla protezione delle persone fisiche con riguardo al trattamento dei dati personali, nonch\u00e9 alla libera circolazione di tali dati e che abroga la direttiva 95\/46\/CE\u00bb\u201d (di seguito anche \u201cCodice\u201d). agli Utenti che consultano il sito http:\/\/www.masseriacasinabaronale.com (di seguito anche solo il \u201cSito\u201d).<\/p>\n\n\n\n<p>L\u2019informativa che segue \u00e8 resa per il solo sito http:\/\/www.masseriacasinabaronale.com e non anche per altri siti web eventualmente consultati dall\u2019Utente tramite link. Il Titolare raccoglier\u00e0 e tratteranno le tipologie di dati di seguito elencate in conformit\u00e0 con quanto disposto dal Codice e dal Regolamento.<\/p>\n\n\n\n<h6 class=\"wp-block-heading\">I. Titolare del Trattamento dei Dati e informazioni di contatto.<\/h6>\n\n\n\n<p>Societ\u00e0 Agricola Terra Madre s.r.l.s., con sede legale a Carpignano Salentino (LE), in Strada Provinciale 48 Martano \u2013 Otranto Km. 11, telefono: 348 8818822, PEC:&nbsp;<a href=\"mailto:terra_madre@pec.it\">terra_madre@pec.it<\/a>&nbsp;e e-mail:&nbsp;<a href=\"mailto:masseriacasinabaronale@gmail.com\">masseriacasinabaronale@gmail.com<\/a>, P. IVA: 04864140753.<br>Il Titolare del trattamento dei dati \u00e8 responsabile per questa informativa sulla privacy e sui cookie memorizzati dai loro servizi.<\/p>\n\n\n\n<h6 class=\"wp-block-heading\">II. Modalit\u00e0 di Trattamento<\/h6>\n\n\n\n<p>Il Titolare tratta i dati personali forniti e\/o raccolti dagli utenti con strumenti analogici, informatici e\/o telematici, adottando le adeguate misure di sicurezza volte ad impedire l\u2019accesso abusivo ai sistemi e, quindi, la loro divulgazione, modifica o distruzione non autorizzate.<br>I dati personali sono trattati anche in forma aggregata, con modalit\u00e0 organizzative e con logiche strettamente idonee alle finalit\u00e0 indicate nella presente informativa. In alcune occasioni, i dati potrebbero essere visualizzati da categorie di soggetti autorizzati dal Titolare, detti, anche, incaricati del trattamento dei dati e coinvolti nell\u2019organizzazione della fornitura dei servizi collegati al sito internet (come, ad esempio, il personale amministrativo o quello commerciale, il reparto marketing, l\u2019ufficio legale o gli amministratori di sistema) ovvero anche da soggetti esterni (fornitori di servizi tecnici terzi, corrieri, hosting provider) che saranno nominati, qualora il Titolare lo ritenga necessario, Responsabili del Trattamento. L\u2019elenco aggiornato dei Responsabili e degli incaricati potr\u00e0 essere sempre richiesto dall\u2019interessato ed \u00e8 disponibile presso la sede legale del Titolare.<\/p>\n\n\n\n<h6 class=\"wp-block-heading\">III. Tipologie di Dati raccolti e finalit\u00e0<\/h6>\n\n\n\n<p><strong>a) Dati di contatto<\/strong><br>Tali dati sono chiesti all\u2019Utente in fase di compilazione dei moduli di richiesta informazioni e di prenotazione presenti sul Sito e comprendono: Nome, Cognome, indirizzo, numero di telefono, e-mail e potranno essere oggetto di trattamento da parte del Titolare per le seguenti finalit\u00e0:<\/p>\n\n\n\n<ol class=\"wp-block-list\">\n<li>adempiere alle specifiche richieste dell\u2019Utente;<\/li>\n\n\n\n<li>fornire la conferma per la prenotazione delle camere nei periodi indicati dall\u2019utente;<\/li>\n\n\n\n<li>previo consenso dell\u2019Utente, instaurare e gestire i rapporti commerciali, con particolare riferimento a finalit\u00e0 di promozione commerciale, comunicazione pubblicitaria, ricerche di mercato, sondaggi, elaborazioni statistiche e di marketing in senso lato relative a prodotti e servizi forniti dal Titolare, utilizzando sia Modalit\u00e0 Automatizzate di Contatto di cui all\u2019art. 130 del Codice Privacy (posta elettronica, sms, mms, WhatsApp, telefax, ecc), sia Modalit\u00e0 Tradizionali di Contatto (posta cartacea o chiamate con operatore);<\/li>\n\n\n\n<li>previo consenso dell\u2019Utente, per rilevare il Suo grado di soddisfazione e consenso, sui prodotti e\/o servizi offerti, in relazione all\u2019analisi delle abitudini e scelte di acquisto, nonch\u00e9 all\u2019effettuazione di scelte di indagini di mercato realizzate direttamente dal Titolare.<\/li>\n<\/ol>\n\n\n\n<p>Le finalit\u00e0 di cui ai precedenti punti 3) e 4) possono essere realizzate dal Titolare anche attraverso l\u2019uso di cookie, come specificato al punto V di questa informativa, predisposto ai sensi del Provvedimento del Garante della Privacy del 8.05.2014 \u201cIndividuazione delle modalit\u00e0 semplificate per l\u2019informativa e l\u2019acquisizione del consenso per l\u2019uso dei cookie\u201d.<\/p>\n\n\n\n<p><strong>b) Dati di Navigazione<\/strong><br>I sistemi informatici e le procedure software preposte al funzionamento del Sito acquisiscono, nel corso del loro normale esercizio, alcuni dati personali la cui trasmissione \u00e8 implicita nell\u2019uso di protocolli di comunicazione di Internet. Si tratta di informazioni che non sono raccolte per essere associate a persone identificate, ma che per loro stessa natura potrebbero, attraverso elaborazioni ed associazioni con dati detenuti da terzi, permettere di identificare gli utenti.<br>In questa categoria di dati rientrano gli indirizzi IP o i nomi a dominio dei computer utilizzati dagli utenti che si connettono al Sito, gli indirizzi in notazione URI (Uniform Resource Identifier) delle risorse richieste, l\u2019orario della richiesta, il metodo utilizzato nel sottoporre la richiesta al server, la dimensione del file ottenuto in risposta, il codice numerico indicante lo stato di risposta data dal server (buon fine, errore etc.) ed altri parametri relativi al sistema operativo e all\u2019ambiente informatico dell\u2019Utente.<br>Questi dati vengono utilizzati al solo fine di ricavare informazioni statistiche anonime sull\u2019uso del sito e per controllarne il corretto funzionamento e vengono cancellati immediatamente dopo l\u2019elaborazione. I dati potrebbero essere utilizzati per l\u2019accertamento di responsabilit\u00e0 in caso di ipotetici reati informatici ai danni del sito: salvo questa eventualit\u00e0, i dati stessi sono conservati per i tempi definiti al successivo punto IV della presente informativa.<\/p>\n\n\n\n<p><strong>c) Conferimento dei dati<\/strong><br>Il conferimento dei Dati di contatto per le finalit\u00e0 di cui alla sez. III a.1 e III a.2 della presente informativa, ha natura obbligatoria ed il loro mancato conferimento, anche parziale, determiner\u00e0 l\u2019impossibilit\u00e0 per il Titolare di procedere all\u2019erogazione dei servizi richiesti.<br>Il conferimento dei dati di Registrazione per tutte le finalit\u00e0 di cui ai punti III a.3 e III a.4 \u00e8 facoltativo e non sussistono quindi conseguenze in caso di rifiuto al conferimento, se non l\u2019impossibilit\u00e0 di informare l\u2019Utente su attivit\u00e0 promozionali o di verificare il suo grado di soddisfazione.<br>L\u2019Utente si assume la responsabilit\u00e0 dei Dati Personali di terzi comunicati o condivisi mediante il sito http:\/\/www.masseriacasinabaronale.com e garantisce di avere il diritto di comunicarli o diffonderli, liberando il Titolare da qualsiasi responsabilit\u00e0 verso terzi.<br>I Dati Personali possono essere inseriti volontariamente dall\u2019Utente, oppure raccolti in modo automatico durante la navigazione sul sito internet http:\/\/www.masseriacasinabaronale.com.<\/p>\n\n\n\n<h6 class=\"wp-block-heading\">IV. Luogo e durata del trattamento dei Dati raccolti<\/h6>\n\n\n\n<p><strong>a) Luogo<\/strong><br>I Dati sono trattati presso le sedi operative del Titolare e dei Responsabili del trattamento, oltre ad ogni altro luogo in cui le parti coinvolte nel trattamento siano localizzate.<\/p>\n\n\n\n<p>Alcuni nostri fornitori di servizi (ad es. di natura tecnologica) si servono di data center o di subfornitori qualificati che non sono stabiliti nell\u2019Unione Europea, e questo pu\u00f2 implicare un trasferimento dei dati personali al di fuori dell\u2019Unione Europea. Quando ci\u00f2 accade, la base giuridica di questo trasferimento \u00e8 la sottoscrizione da parte di questi fornitori di clausole contrattuali conformi allo standard definito dalla Commissione Europea.<\/p>\n\n\n\n<p>Qualora i dati personali siano trasferiti a un paese terzo o a un\u2019organizzazione internazionale, l\u2019interessato potr\u00e0 essere informato dell\u2019esistenza di garanzie adeguate ai sensi dell\u2019articolo 46 del \u201cRegolamento\u201d relative al trasferimento contattando il Titolare all\u2019indirizzo e-mail&nbsp;<a href=\"mailto:info@masseriacasinabaronale.com\">info@masseriacasinabaronale.com<\/a>.<\/p>\n\n\n\n<p><strong>b) Durata del trattamento e della conservazione<\/strong><br>I Dati sono trattati per il tempo necessario allo svolgimento del servizio richiesto dall\u2019Utente, o richiesto dalle finalit\u00e0 descritte in questo documento, e l\u2019Utente pu\u00f2 sempre chiedere l\u2019interruzione del Trattamento o la cancellazione, l\u2019aggiornamento e la modifica dei Dati.<br>I Dati non saranno conservati oltre i 24 mesi limitatamente ai dati personali e ai soli fini di marketing, in ossequio alle indicazioni dell\u2019Autorit\u00e0 Garante per la Protezione dei Dati Personali sul tema. Per l\u2019esercizio del diritto di difesa, invece, la durata del trattamento sar\u00e0 pari al decorso del termine di decadenza per l\u2019esercizio dell\u2019azione giudiziaria ordinaria.<\/p>\n\n\n\n<h1 class=\"wp-block-heading cookie\" id=\"cookie\">V. Cookie Policy<\/h1>\n\n\n\n<p>Questo sito web fa utilizzo di Cookie.<\/p>\n\n\n\n<p><strong>a) Informazioni sui Cookie<\/strong><br>Un cookie (dall\u2019inglese, letteralmente, \u201cbiscotto\u201d) \u00e8 un piccolo e leggero file testuale che viene generato dai servizi web al fine di memorizzare le preferenze, le attivit\u00e0 ed i gusti degli utenti. Il cookie creato da un servizio potr\u00e0 essere letto e modificato dallo stesso al fine di caratterizzare al meglio la propria utenza e, soprattutto, di riconoscere l\u2019utente al suo ritorno sul sito.<br>Dunque, nel cookie possono essere memorizzate diverse informazioni per disparate finalit\u00e0, ma solo se l\u2019utente ha abilitato l\u2019installazione dei cookie dalle preferenze del proprio browser.<br>V\u2019\u00e8 da precisare che i cookie non sono e non possono essere pericolosi nel senso comune del termine: infatti, non possono veicolare in alcun modo virus o malware di altro genere. Possono, invece, essere utilizzati per tracciare il comportamento degli utenti sui siti web che adottano alcuni servizi.<br>In generale i cookie possono essere disattivati completamente dalle impostazioni del proprio browser in qualsiasi momento. Per maggiori informazioni, si consiglia di leggere le pagine di aiuto e supporto relative ad esso fornite dagli sviluppatori degli stessi.<\/p>\n\n\n\n<p><strong>b) Tipologie di cookie in uso<\/strong><br>Google Analytics<br>Google Analytics \u00e8 un servizio terzo di analisi web fornito da Google Inc.<br>Google utilizza i dati personali raccolti attraverso i propri script al fine di tracciare ed esaminare la navigazione su questo sito ed i servizi da esso offerti, compilare report e condividerli con gli altri servizi terzi sviluppati da Google.<br>Google utilizza i dati personali per contestualizzare e personalizzare gli annunci del proprio network pubblicitario composto da Adsense e Adwords.<br>Dati personali raccolti: Cookie e dati di navigazione sul sito.<br>Luogo del trattamento: USA<br><a href=\"http:\/\/www.google.com\/intl\/it\/policies\/privacy\/\" target=\"_blank\" rel=\"noreferrer noopener\">Privacy Policy<\/a><br>\u00c8 possibile esercitare il diritto di opt out da Google Analytics da&nbsp;<a href=\"http:\/\/tools.google.com\/dlpage\/gaoptout?hl=it\" target=\"_blank\" rel=\"noreferrer noopener\">qui<\/a>.<\/p>\n\n\n\n<p>Pixel di Facebook Ads<br>Fornito da Facebook, Inc.<br>Il pixel di Facebook Ads serve a monitorare le conversioni delle inserzioni pubblicate dal Titolare del sito su Facebook.<br>Il servizio collega i dati provenienti dalla rete di annunci pubblicitari di Facebook con le azioni compiute all\u2019interno di questo sito.<br>Dati Personali raccolti: Cookie e Dati di utilizzo.<br>Luogo del trattamento: Stati Uniti \u2013 Privacy Policy.<br>Facebook, Inc. aderisce al Privacy Shield.<br><a href=\"https:\/\/www.facebook.com\/privacy\/explanation\" target=\"_blank\" rel=\"noreferrer noopener\">Privacy Policy<\/a><\/p>\n\n\n\n<p>Google Ads (Google Inc.)<br>Google Ads \u00e8 un servizio di remarketing e behavioral targeting fornito da Google Inc. che collega questo Sito Web con la rete puubblicitaria di Adwords ed il Cookie Doubleclick.<br>Dati Personali raccolti: Cookie e Dati di utilizzo.<br>Luogo del trattamento: Stati Uniti \u2013&nbsp;<a href=\"http:\/\/www.google.com\/intl\/it\/policies\/privacy\/\" target=\"_blank\" rel=\"noreferrer noopener\">Privacy Policy<\/a>&nbsp;\u2013&nbsp;<a href=\"https:\/\/www.google.com\/settings\/ads\/onweb\/optout\" target=\"_blank\" rel=\"noreferrer noopener\">Opt Out<\/a>.<\/p>\n\n\n\n<h6 class=\"wp-block-heading\">VI. Diritti degli Interessati<\/h6>\n\n\n\n<p>I soggetti cui si riferiscono i Dati Personali in qualit\u00e0 di Interessati, potranno esercitare i diritti ai sensi degli artt. 13, 14, 16, 17, 18, 19, 20 e 21 del \u201cRegolamento\u201d e, pertanto, potranno in sintesi:<\/p>\n\n\n\n<ul class=\"wp-block-list\">\n<li>chiedere al Titolare del trattamento l\u2019accesso ai dati personali e la rettifica o la cancellazione degli stessi o la limitazione del trattamento che lo riguardano o di opporsi al loro trattamento, oltre al diritto alla portabilit\u00e0 dei dati;<\/li>\n\n\n\n<li>ottenere dal singolo Titolare del trattamento la conferma che sia o meno in corso un trattamento di dati personali che lo riguardano e in tal caso, di ottenere l\u2019accesso ai dati personali e alle seguenti informazioni: a) le finalit\u00e0 del trattamento; b) le categorie di dati personali in questione; c) i destinatari o le categorie di destinatari a cui i dati personali sono stati o saranno comunicati, in particolare se destinatari di Paesi terzi o organizzazioni internazionali; d) quando possibile, il periodo di conservazione dei dati personali previsto oppure, se non \u00e8 possibile, i criteri utilizzati per determinare tale periodo; e) l\u2019esistenza del diritto dell\u2019interessato di chiedere al Titolare del trattamento la rettifica o la cancellazione dei dati personali o la limitazione del trattamento dei dati personali che lo riguardano o di opporsi al loro trattamento; f) il diritto di proporre reclamo a un\u2019autorit\u00e0 di controllo; g) qualora i dati non siano raccolti presso l\u2019interessato, tutte le informazioni disponibili sulla loro origine; h) l\u2019esistenza di un processo decisionale automatizzato, compresa la profilazione di cui all\u2019articolo 22, paragrafi 1 e 4 del Regolamento e, almeno in tali casi, informazioni significative sulla logica utilizzata, nonch\u00e9 l\u2019importanza e le conseguenze previste di tale trattamento per l\u2019interessato;<\/li>\n\n\n\n<li>ottenere dal Titolare del trattamento la rettifica dei dati personali inesatti che lo riguardano senza ingiustificato ritardo. Tenuto conto delle finalit\u00e0 del trattamento, l\u2019interessato ha il diritto di ottenere l\u2019integrazione dei dati personali incompleti, anche fornendo una dichiarazione integrativa;<\/li>\n\n\n\n<li>ottenere dal Titolare del trattamento la cancellazione dei dati personali che lo riguardano senza ingiustificato ritardo. Il Titolare del trattamento ha l\u2019obbligo di cancellare senza ingiustificato ritardo i dati personali, se sussiste uno dei motivi seguenti: a) i dati personali non sono pi\u00f9 necessari rispetto alle finalit\u00e0 per le quali sono stati raccolti o altrimenti trattati; 4.5.2016 L 119\/43 Gazzetta ufficiale dell\u2019Unione europea IT, b) l\u2019interessato revoca il consenso su cui si basa il trattamento conformemente all\u2019articolo 6, paragrafo 1, lettera a), o all\u2019articolo 9, paragrafo 2, lettera a), del Regolamento e se non sussiste altro fondamento giuridico per il trattamento; c) l\u2019interessato si oppone al trattamento ai sensi dell\u2019articolo 21, paragrafo 1, del Regolamento e non sussiste alcun motivo legittimo prevalente per procedere al trattamento, oppure si oppone al trattamento ai sensi dell\u2019articolo 21, paragrafo 2 del Regolamento; d) i dati personali sono stati trattati illecitamente; e) i dati personali devono essere cancellati per adempiere un obbligo legale previsto dal diritto dell\u2019Unione o dello Stato membro cui \u00e8 soggetto il Titolare del trattamento; f) i dati personali sono stati raccolti relativamente all\u2019offerta di servizi della societ\u00e0 dell\u2019informazione di cui all\u2019articolo 8, paragrafo 1 del Regolamento;<\/li>\n\n\n\n<li>ottenere dal Titolare del trattamento la limitazione del trattamento quando ricorre una delle ipotesi dell\u2019art.18 del \u201cRegolamento\u201d;<\/li>\n\n\n\n<li>ricevere in un formato strutturato, di uso comune e leggibile da dispositivo automatico i dati personali che lo riguardano forniti al Titolare del trattamento per poter trasmettere tali dati a un altro Titolare del trattamento senza impedimenti qualora: a) il trattamento si basi sul consenso ai sensi dell\u2019articolo 6, paragrafo 1, lettera a), o dell\u2019articolo 9, paragrafo 2, lettera a), del \u201cRegolamento\u201d o su un contratto ai sensi dell\u2019articolo 6, paragrafo 1, lettera b) del \u201cRegolamento\u201d; e b) il trattamento sia effettuato con mezzi automatizzati;<\/li>\n\n\n\n<li>opporsi in qualsiasi momento, per motivi connessi alla sua situazione particolare, al trattamento dei dati personali che lo riguardano ai sensi dell\u2019articolo 6, paragrafo 1, lettere e) o f) del \u201cRegolamento\u201d, compresa la profilazione sulla base di tali disposizioni. Il Titolare del trattamento si asterr\u00e0 dal trattare ulteriormente i dati personali salvo che egli dimostri l\u2019esistenza di motivi legittimi cogenti per procedere al trattamento che prevalgono sugli interessi, sui diritti e sulle libert\u00e0 dell\u2019interessato oppure per l\u2019accertamento, l\u2019esercizio o la difesa di un diritto in sede giudiziaria;<\/li>\n\n\n\n<li>chiedere la cancellazione completa dei dati che lo riguardano, esercitando il proprio diritto all\u2019oblio, restando ferma la possibilit\u00e0 del Titolare di conservare solo i dati necessari in altro database, separato da quello con il quale effettua il trattamento, per poter esercitare il proprio diritto di difesa.<\/li>\n<\/ul>\n\n\n\n<h6 class=\"wp-block-heading\">VII. Diritto di opposizione<\/h6>\n\n\n\n<ul class=\"wp-block-list\">\n<li>Qualora i dati personali siano trattati per finalit\u00e0 di marketing diretto, l\u2019interessato ha il diritto di opporsi in qualsiasi momento al trattamento dei dati personali che lo riguardano effettuato per tali finalit\u00e0, compresa la profilazione nella misura in cui sia connessa a tale marketing diretto.<\/li>\n\n\n\n<li>Qualora l\u2019interessato si opponga al trattamento per finalit\u00e0 di marketing diretto, i dati personali non possono pi\u00f9 essere oggetto di trattamento per tali finalit\u00e0.<\/li>\n<\/ul>\n\n\n\n<h6 class=\"wp-block-heading\">VIII. Modifiche a questa privacy policy<\/h6>\n\n\n\n<p>Il Titolare del trattamento si riservano il diritto di apportare qualsivoglia modifica alla presente informativa estesa dandone pubblicit\u00e0 su questa pagina.<br>In fondo alla presente sar\u00e0 apposta la data di ultima modifica per consentire il tracciamento delle modificazioni stesse. Una copia di ogni versione della presente informativa \u00e8 a disposizione degli Interessati presso la sede legale del Titolare.<br>Nel caso in cui l\u2019utente non accetti le modifiche apportate, pu\u00f2 chiedere al Titolare del trattamento di rimuovere i propri dati personali. Salvo quanto diversamente specificato, la precedente informativa sulla privacy e sui cookie continuer\u00e0 ad essere applicata ai dati personali sino a quel momento raccolti.<br>Nel caso di mancata accettazione delle modifiche apportate alla presente privacy policy, e fatti salvi i diritti dell\u2019interessato di cui ai precedenti articoli, pu\u00f2 richiedere al Titolare del Trattamento di rimuovere i propri Dati Personali. Salvo quanto diversamente specificato, la precedente privacy policy continuer\u00e0 ad applicarsi ai Dati Personali sino a quel momento raccolti.<\/p>\n\n\n\n<h6 class=\"wp-block-heading\">IX. Riferimenti normativi<\/h6>\n\n\n\n<p>Direttiva 2002\/58\/CE, come modificata dalla Direttiva 2009\/136\/CE, provvedimento del Garante della Privacy n. 229 dll\u20198 maggio 2014, D. Lgs. 196\/2003, Regolamento UE 2019\/679.<\/p>\n\n\n\n<p>Otranto, 30.03.2019<\/p>","protected":false},"excerpt":{"rendered":"<p>Informativa sulla Privacy e sui Cookie di http:\/\/www.masseriacasinabaronale.com Informativa riguardante il trattamento dei dati personali redatta e fornita da Societ\u00e0 Agricola Terra Madre s.r.l.s. in qualit\u00e0 di Titolare del trattamento, ai sensi degli artt. 13 e 14 del Regolamento UE 2016\/679 in materia di protezione dei dati personali delle persone fisiche (di seguito anche \u201cRegolamento\u201d [&hellip;]<\/p>\n","protected":false},"author":1,"featured_media":0,"parent":0,"menu_order":0,"comment_status":"closed","ping_status":"open","template":"","meta":{"footnotes":""},"class_list":["post-3","page","type-page","status-publish","hentry"],"_links":{"self":[{"href":"https:\/\/masseriacasinabaronale.com\/en\/wp-json\/wp\/v2\/pages\/3","targetHints":{"allow":["GET"]}}],"collection":[{"href":"https:\/\/masseriacasinabaronale.com\/en\/wp-json\/wp\/v2\/pages"}],"about":[{"href":"https:\/\/masseriacasinabaronale.com\/en\/wp-json\/wp\/v2\/types\/page"}],"author":[{"embeddable":true,"href":"https:\/\/masseriacasinabaronale.com\/en\/wp-json\/wp\/v2\/users\/1"}],"replies":[{"embeddable":true,"href":"https:\/\/masseriacasinabaronale.com\/en\/wp-json\/wp\/v2\/comments?post=3"}],"version-history":[{"count":3,"href":"https:\/\/masseriacasinabaronale.com\/en\/wp-json\/wp\/v2\/pages\/3\/revisions"}],"predecessor-version":[{"id":3051,"href":"https:\/\/masseriacasinabaronale.com\/en\/wp-json\/wp\/v2\/pages\/3\/revisions\/3051"}],"wp:attachment":[{"href":"https:\/\/masseriacasinabaronale.com\/en\/wp-json\/wp\/v2\/media?parent=3"}],"curies":[{"name":"wp","href":"https:\/\/api.w.org\/{rel}","templated":true}]}}